{"id":30,"date":"2026-03-19T07:53:16","date_gmt":"2026-03-19T07:53:16","guid":{"rendered":"https:\/\/azure-fly-340556.hostingersite.com\/?page_id=30"},"modified":"2026-04-03T14:56:34","modified_gmt":"2026-04-03T14:56:34","slug":"kontakt","status":"publish","type":"page","link":"https:\/\/pannongroupns.com\/en\/kontakt\/","title":{"rendered":"Contact"},"content":{"rendered":"\t\t<div data-elementor-type=\"wp-page\" data-elementor-id=\"30\" class=\"elementor elementor-30\" data-elementor-post-type=\"page\">\n\t\t\t\t<div class=\"elementor-element elementor-element-b560541 e-con-full e-flex e-con e-parent\" data-id=\"b560541\" data-element_type=\"container\" data-e-type=\"container\" data-settings=\"{&quot;background_background&quot;:&quot;classic&quot;,&quot;background_motion_fx_motion_fx_scrolling&quot;:&quot;yes&quot;,&quot;background_motion_fx_translateY_effect&quot;:&quot;yes&quot;,&quot;background_motion_fx_translateY_speed&quot;:{&quot;unit&quot;:&quot;px&quot;,&quot;size&quot;:10,&quot;sizes&quot;:[]},&quot;background_motion_fx_translateY_affectedRange&quot;:{&quot;unit&quot;:&quot;%&quot;,&quot;size&quot;:&quot;&quot;,&quot;sizes&quot;:{&quot;start&quot;:0,&quot;end&quot;:100}},&quot;background_motion_fx_devices&quot;:[&quot;desktop&quot;,&quot;laptop&quot;,&quot;tablet&quot;,&quot;mobile&quot;]}\">\n\t\t<div class=\"elementor-element elementor-element-730b6ae e-flex e-con-boxed e-con e-child\" data-id=\"730b6ae\" data-element_type=\"container\" data-e-type=\"container\">\n\t\t\t\t\t<div class=\"e-con-inner\">\n\t\t<div class=\"elementor-element elementor-element-1533fb3 e-flex e-con-boxed e-con e-child\" data-id=\"1533fb3\" data-element_type=\"container\" data-e-type=\"container\">\n\t\t\t\t\t<div class=\"e-con-inner\">\n\t\t\t\t\t<\/div>\n\t\t\t\t<\/div>\n\t\t\t\t\t<\/div>\n\t\t\t\t<\/div>\n\t\t\t\t<\/div>\n\t\t<div class=\"elementor-element elementor-element-6447cb8 e-flex e-con-boxed e-con e-parent\" data-id=\"6447cb8\" data-element_type=\"container\" data-e-type=\"container\">\n\t\t\t\t\t<div class=\"e-con-inner\">\n\t\t<div class=\"elementor-element elementor-element-ad2a640 e-con-full e-flex e-con e-child\" data-id=\"ad2a640\" data-element_type=\"container\" data-e-type=\"container\">\n\t\t\t\t<div class=\"elementor-element elementor-element-8776c70 elementor-widget-mobile__width-inherit elementor-widget__width-initial elementor-widget-tablet__width-inherit elementor-widget-laptop__width-inherit elementor-widget elementor-widget-heading\" data-id=\"8776c70\" data-element_type=\"widget\" data-e-type=\"widget\" data-widget_type=\"heading.default\">\n\t\t\t\t\t<h2 class=\"elementor-heading-title elementor-size-default\">Imate pitanje ili \u017eeite da zaka\u017eete konsultacije?<\/h2>\t\t\t\t<\/div>\n\t\t\t\t<div class=\"elementor-element elementor-element-0f36ea7 dm-text-line elementor-widget elementor-widget-text-editor\" data-id=\"0f36ea7\" data-element_type=\"widget\" data-e-type=\"widget\" data-widget_type=\"text-editor.default\">\n\t\t\t\t\t\t\t\t\t<p>Slobodno nas kontaktirajte putem forme na sajtu, email adrese ili telefona. Stojimo Vam na raspolaganju.<\/p>\t\t\t\t\t\t\t\t<\/div>\n\t\t\t\t<div class=\"elementor-element elementor-element-34575c8 reveal elementor-widget-divider--view-line elementor-widget elementor-widget-divider\" data-id=\"34575c8\" data-element_type=\"widget\" data-e-type=\"widget\" data-widget_type=\"divider.default\">\n\t\t\t\t\t\t\t<div class=\"elementor-divider\">\n\t\t\t<span class=\"elementor-divider-separator\">\n\t\t\t\t\t\t<\/span>\n\t\t<\/div>\n\t\t\t\t\t\t<\/div>\n\t\t<div class=\"elementor-element elementor-element-920690a e-con-full e-flex e-con e-child\" data-id=\"920690a\" data-element_type=\"container\" data-e-type=\"container\">\n\t\t\t\t<div class=\"elementor-element elementor-element-1301f5b elementor-widget__width-inherit elementor-widget elementor-widget-heading\" data-id=\"1301f5b\" data-element_type=\"widget\" data-e-type=\"widget\" data-widget_type=\"heading.default\">\n\t\t\t\t\t<h3 class=\"elementor-heading-title elementor-size-default\">Kontaktirajte nas<\/h3>\t\t\t\t<\/div>\n\t\t<div class=\"elementor-element elementor-element-1aaa56c e-con-full e-flex e-con e-child\" data-id=\"1aaa56c\" data-element_type=\"container\" data-e-type=\"container\">\n\t\t\t\t<div class=\"elementor-element elementor-element-f1a682c elementor-view-stacked elementor-shape-square elementor-mobile-position-inline-start elementor-position-inline-start elementor-widget elementor-widget-icon-box\" data-id=\"f1a682c\" data-element_type=\"widget\" data-e-type=\"widget\" data-widget_type=\"icon-box.default\">\n\t\t\t\t\t\t\t<div class=\"elementor-icon-box-wrapper\">\n\n\t\t\t\t\t\t<div class=\"elementor-icon-box-icon\">\n\t\t\t\t<span  class=\"elementor-icon\">\n\t\t\t\t<svg xmlns=\"http:\/\/www.w3.org\/2000\/svg\" id=\"Capa_1\" height=\"512\" viewBox=\"0 0 512 512\" width=\"512\"><g id=\"Location\"><g><path d=\"m256 428.089c-14.615 0-28.742-5.354-39.78-15.076-52.368-46.124-140.22-137.73-140.22-233.013 0-99.252 80.748-180 180-180s180 80.748 180 180c0 95.283-87.853 186.889-140.221 233.013-11.037 9.722-25.164 15.076-39.779 15.076zm0-388.089c-77.196 0-140 62.804-140 140 0 82.528 88.576 169.454 126.658 202.997 3.729 3.284 8.467 5.093 13.342 5.093s9.613-1.809 13.341-5.093c38.083-33.543 126.659-120.469 126.659-202.997 0-77.196-62.804-140-140-140z\"><\/path><\/g><g><path d=\"m256 512c-55.315 0-107.58-6.541-147.168-18.417-20.455-6.136-36.834-13.51-48.685-21.915-19.958-14.155-24.147-29.385-24.147-39.668 0-10.916 4.703-27.009 27.107-41.686 13.366-8.756 31.757-16.302 54.663-22.43 10.668-2.853 21.635 3.481 24.489 14.152 2.854 10.67-3.481 21.634-14.152 24.489-39.022 10.44-50.624 22.258-52.028 25.475 1.363 3.105 12.43 14.495 49.468 24.777 35.362 9.817 81.691 15.223 130.453 15.223s95.091-5.406 130.453-15.223c37.039-10.283 48.105-21.672 49.468-24.777-1.403-3.216-13.007-15.035-52.028-25.474-10.67-2.855-17.006-13.819-14.151-24.49 2.854-10.67 13.814-17.007 24.489-14.151 22.905 6.127 41.296 13.674 54.662 22.43 22.404 14.676 27.107 30.769 27.107 41.685 0 10.283-4.189 25.513-24.146 39.668-11.851 8.405-28.23 15.779-48.686 21.915-39.588 11.876-91.854 18.417-147.168 18.417zm180.031-79.697h.01z\"><\/path><\/g><g><path d=\"m256 260c-44.112 0-80-35.888-80-80s35.888-80 80-80 80 35.888 80 80-35.888 80-80 80zm0-120c-22.056 0-40 17.944-40 40s17.944 40 40 40 40-17.944 40-40-17.944-40-40-40z\"><\/path><\/g><\/g><\/svg>\t\t\t\t<\/span>\n\t\t\t<\/div>\n\t\t\t\n\t\t\t\t\t\t<div class=\"elementor-icon-box-content\">\n\n\t\t\t\t\t\t\t\t\t<h4 class=\"elementor-icon-box-title\">\n\t\t\t\t\t\t<span  >\n\t\t\t\t\t\t\tAdresa\t\t\t\t\t\t<\/span>\n\t\t\t\t\t<\/h4>\n\t\t\t\t\n\t\t\t\t\t\t\t\t\t<p class=\"elementor-icon-box-description\">\n\t\t\t\t\t\t\u0160ekspirova 5, Novi Sad\t\t\t\t\t<\/p>\n\t\t\t\t\n\t\t\t<\/div>\n\t\t\t\n\t\t<\/div>\n\t\t\t\t\t\t<\/div>\n\t\t\t\t<\/div>\n\t\t<a class=\"elementor-element elementor-element-c11fdeb e-con-full e-flex e-con e-child\" data-id=\"c11fdeb\" data-element_type=\"container\" data-e-type=\"container\" href=\"mailto:pannongroupns@gmail.com\">\n\t\t\t\t<div class=\"elementor-element elementor-element-dd64fb1 elementor-view-stacked elementor-shape-square elementor-mobile-position-inline-start elementor-position-inline-start elementor-widget elementor-widget-icon-box\" data-id=\"dd64fb1\" data-element_type=\"widget\" data-e-type=\"widget\" data-widget_type=\"icon-box.default\">\n\t\t\t\t\t\t\t<div class=\"elementor-icon-box-wrapper\">\n\n\t\t\t\t\t\t<div class=\"elementor-icon-box-icon\">\n\t\t\t\t<span  class=\"elementor-icon\">\n\t\t\t\t<svg xmlns=\"http:\/\/www.w3.org\/2000\/svg\" id=\"Capa_1\" height=\"512\" viewBox=\"0 0 512 512\" width=\"512\"><g id=\"Mail\"><g><path d=\"m452 200c-15.477 0-30.17 5.876-41.375 16.547-.067.064-140.92 138.019-140.92 138.019-3.723 3.505-8.585 5.434-13.705 5.434s-9.982-1.929-13.705-5.434l-122.295-119.78v-169.046c0-14.193 11.547-25.74 25.74-25.74h220.52c14.193 0 25.74 11.547 25.74 25.74v78.359c0 11.046 8.954 20 20 20s20-8.954 20-20v-78.359c0-36.249-29.491-65.74-65.74-65.74h-220.52c-36.249 0-65.74 29.491-65.74 65.74v137.679c-6.352-2.242-13.097-3.419-20-3.419-33.084 0-60 26.916-60 60v192c0 33.084 26.916 60 60 60h392c33.084 0 60-26.916 60-60v-192c0-33.084-26.916-60-60-60zm20 252c0 11.028-8.972 20-20 20h-392c-11.028 0-20-8.972-20-20v-192c0-11.028 8.972-20 20-20 5.12 0 9.982 1.929 13.705 5.434 0 0 140.853 137.955 140.92 138.019 11.205 10.671 25.898 16.547 41.375 16.547s30.17-5.876 41.375-16.547c.067-.064 140.92-138.019 140.92-138.019 3.723-3.505 8.585-5.434 13.705-5.434 11.028 0 20 8.972 20 20z\"><\/path><g><path d=\"m332 120h-152c-11.046 0-20-8.954-20-20s8.954-20 20-20h152c11.046 0 20 8.954 20 20s-8.954 20-20 20z\"><\/path><\/g><g><path d=\"m332 200h-152c-11.046 0-20-8.954-20-20s8.954-20 20-20h152c11.046 0 20 8.954 20 20s-8.954 20-20 20z\"><\/path><\/g><\/g><\/g><\/svg>\t\t\t\t<\/span>\n\t\t\t<\/div>\n\t\t\t\n\t\t\t\t\t\t<div class=\"elementor-icon-box-content\">\n\n\t\t\t\t\t\t\t\t\t<h4 class=\"elementor-icon-box-title\">\n\t\t\t\t\t\t<span  >\n\t\t\t\t\t\t\tE-mail\t\t\t\t\t\t<\/span>\n\t\t\t\t\t<\/h4>\n\t\t\t\t\n\t\t\t\t\t\t\t\t\t<p class=\"elementor-icon-box-description\">\n\t\t\t\t\t\tpannongroupns@gmail.com\t\t\t\t\t<\/p>\n\t\t\t\t\n\t\t\t<\/div>\n\t\t\t\n\t\t<\/div>\n\t\t\t\t\t\t<\/div>\n\t\t\t\t<\/a>\n\t\t<a class=\"elementor-element elementor-element-cd695ea e-con-full e-flex e-con e-child\" data-id=\"cd695ea\" data-element_type=\"container\" data-e-type=\"container\" href=\"tel:+381637793147\">\n\t\t\t\t<div class=\"elementor-element elementor-element-913dde4 elementor-view-stacked elementor-shape-square elementor-mobile-position-inline-start elementor-position-inline-start elementor-widget elementor-widget-icon-box\" data-id=\"913dde4\" data-element_type=\"widget\" data-e-type=\"widget\" data-widget_type=\"icon-box.default\">\n\t\t\t\t\t\t\t<div class=\"elementor-icon-box-wrapper\">\n\n\t\t\t\t\t\t<div class=\"elementor-icon-box-icon\">\n\t\t\t\t<span  class=\"elementor-icon\">\n\t\t\t\t<svg xmlns=\"http:\/\/www.w3.org\/2000\/svg\" id=\"Capa_1\" height=\"512\" viewBox=\"0 0 512.023 512.023\" width=\"512\"><g><path d=\"m255.586 482.711-226.274-226.274c-39.079-39.08-39.085-102.336 0-141.421l28.284-28.284c23.395-23.394 61.459-23.394 84.854 0l56.568 56.568c23.394 23.394 23.394 61.459 0 84.853-7.799 7.798-7.799 20.486 0 28.284l56.568 56.569c7.799 7.798 20.486 7.797 28.285 0h-.001c23.395-23.394 61.459-23.394 84.854 0l56.568 56.568c23.447 23.448 23.451 61.402-.001 84.853l-28.283 28.284c-39.082 39.079-102.336 39.085-141.422 0zm-155.564-373.544c-5.121 0-10.243 1.95-14.142 5.849l-28.284 28.284c-23.448 23.447-23.452 61.401-.001 84.853l226.275 226.274c23.446 23.447 61.4 23.451 84.853 0l28.283-28.285c7.816-7.814 7.819-20.466 0-28.284l-56.568-56.568c-7.797-7.798-20.486-7.798-28.283 0-.001 0-.001 0-.001 0-23.392 23.393-61.459 23.394-84.853 0l-56.569-56.569c-23.394-23.394-23.394-61.458.001-84.853 7.815-7.816 7.817-20.467 0-28.285l-56.569-56.568c-3.898-3.899-9.02-5.848-14.142-5.848zm197.991 217.98h.01z\"><\/path><path d=\"m492.022 240c-11.046 0-20-8.954-20-20 0-99.252-80.748-180-180-180-11.046 0-20-8.954-20-20s8.954-20 20-20c121.309 0 220 98.691 220 220 .001 11.046-8.954 20-20 20z\"><\/path><path d=\"m332.022 240c-11.046 0-20-8.954-20-20 0-11.028-8.972-20-20-20-11.046 0-20-8.954-20-20s8.954-20 20-20c33.084 0 60 26.916 60 60 0 11.046-8.954 20-20 20z\"><\/path><path d=\"m412.022 240c-11.046 0-20-8.954-20-20 0-55.14-44.859-100-100-100-11.046 0-20-8.954-20-20s8.954-20 20-20c77.196 0 140 62.804 140 140 0 11.046-8.954 20-20 20z\"><\/path><\/g><\/svg>\t\t\t\t<\/span>\n\t\t\t<\/div>\n\t\t\t\n\t\t\t\t\t\t<div class=\"elementor-icon-box-content\">\n\n\t\t\t\t\t\t\t\t\t<h4 class=\"elementor-icon-box-title\">\n\t\t\t\t\t\t<span  >\n\t\t\t\t\t\t\tTelefon\t\t\t\t\t\t<\/span>\n\t\t\t\t\t<\/h4>\n\t\t\t\t\n\t\t\t\t\t\t\t\t\t<p class=\"elementor-icon-box-description\">\n\t\t\t\t\t\t0637793147\t\t\t\t\t<\/p>\n\t\t\t\t\n\t\t\t<\/div>\n\t\t\t\n\t\t<\/div>\n\t\t\t\t\t\t<\/div>\n\t\t\t\t<\/a>\n\t\t\t\t<\/div>\n\t\t\t\t<div class=\"elementor-element elementor-element-84fecd2 reveal elementor-widget-divider--view-line elementor-widget elementor-widget-divider\" data-id=\"84fecd2\" data-element_type=\"widget\" data-e-type=\"widget\" data-widget_type=\"divider.default\">\n\t\t\t\t\t\t\t<div class=\"elementor-divider\">\n\t\t\t<span class=\"elementor-divider-separator\">\n\t\t\t\t\t\t<\/span>\n\t\t<\/div>\n\t\t\t\t\t\t<\/div>\n\t\t<div class=\"elementor-element elementor-element-7237855 e-con-full e-flex e-con e-child\" data-id=\"7237855\" data-element_type=\"container\" data-e-type=\"container\">\n\t\t\t\t<div class=\"elementor-element elementor-element-fc9935f elementor-widget__width-inherit elementor-widget elementor-widget-heading\" data-id=\"fc9935f\" data-element_type=\"widget\" data-e-type=\"widget\" data-widget_type=\"heading.default\">\n\t\t\t\t\t<h3 class=\"elementor-heading-title elementor-size-default\">Zapratite nas i na dru\u0161tvenim mre\u017eama<\/h3>\t\t\t\t<\/div>\n\t\t<a class=\"elementor-element elementor-element-9cc7e9a e-con-full e-flex e-con e-child\" data-id=\"9cc7e9a\" data-element_type=\"container\" data-e-type=\"container\" href=\"https:\/\/www.linkedin.com\/in\/sashapejic\/?originalSubdomain=rs\" target=\"_blank\" rel=\"noopener\">\n\t\t\t\t<div class=\"elementor-element elementor-element-842b029 elementor-view-stacked elementor-shape-square elementor-mobile-position-inline-start elementor-position-inline-start elementor-widget elementor-widget-icon-box\" data-id=\"842b029\" data-element_type=\"widget\" data-e-type=\"widget\" data-widget_type=\"icon-box.default\">\n\t\t\t\t\t\t\t<div class=\"elementor-icon-box-wrapper\">\n\n\t\t\t\t\t\t<div class=\"elementor-icon-box-icon\">\n\t\t\t\t<span  class=\"elementor-icon\">\n\t\t\t\t<svg xmlns=\"http:\/\/www.w3.org\/2000\/svg\" height=\"512pt\" viewBox=\"0 0 512 512\" width=\"512pt\"><path d=\"m140.007812 423h-30c-11.046874 0-20-8.953125-20-20v-186c0-11.046875 8.953126-20 20-20h30c11.046876 0 20 8.953125 20 20v186c0 11.046875-8.953124 20-20 20zm26.984376-298.003906c0-22.628906-18.359376-40.996094-40.976563-40.996094-22.703125 0-41.015625 18.367188-41.015625 40.996094 0 22.636718 18.3125 41.003906 41.015625 41.003906 22.617187 0 40.976563-18.367188 40.976563-41.003906zm255.007812 278.003906v-104.335938c0-60.667968-12.816406-105.664062-83.6875-105.664062-34.054688 0-56.914062 17.03125-66.246094 34.742188h-.066406v-10.742188c0-11.046875-8.953125-20-20-20h-28c-11.046875 0-20 8.953125-20 20v186c0 11.046875 8.953125 20 20 20h28c11.046875 0 20-8.953125 20-20v-92.210938c0-29.386718 7.480469-57.855468 43.90625-57.855468 35.929688 0 37.09375 33.605468 37.09375 59.722656v90.34375c0 11.046875 8.953125 20 20 20h29c11.046875 0 20-8.953125 20-20zm90 29c0-11.046875-8.953125-20-20-20s-20 8.953125-20 20c0 22.054688-17.945312 40-40 40h-352c-22.054688 0-40-17.945312-40-40v-352c0-22.054688 17.945312-40 40-40h352c22.054688 0 40 17.945312 40 40v251c0 11.046875 8.953125 20 20 20s20-8.953125 20-20v-251c0-44.113281-35.886719-80-80-80h-352c-44.113281 0-80 35.886719-80 80v352c0 44.113281 35.886719 80 80 80h352c44.113281 0 80-35.886719 80-80zm0 0\"><\/path><\/svg>\t\t\t\t<\/span>\n\t\t\t<\/div>\n\t\t\t\n\t\t\t\t\t\t<div class=\"elementor-icon-box-content\">\n\n\t\t\t\t\t\t\t\t\t<h4 class=\"elementor-icon-box-title\">\n\t\t\t\t\t\t<span  >\n\t\t\t\t\t\t\tLinkedin\t\t\t\t\t\t<\/span>\n\t\t\t\t\t<\/h4>\n\t\t\t\t\n\t\t\t\t\t\t\t\t\t<p class=\"elementor-icon-box-description\">\n\t\t\t\t\t\t@sashapejic\t\t\t\t\t<\/p>\n\t\t\t\t\n\t\t\t<\/div>\n\t\t\t\n\t\t<\/div>\n\t\t\t\t\t\t<\/div>\n\t\t\t\t<\/a>\n\t\t<a class=\"elementor-element elementor-element-8e3c36c e-con-full e-flex e-con e-child\" data-id=\"8e3c36c\" data-element_type=\"container\" data-e-type=\"container\" href=\"https:\/\/www.instagram.com\/sasa__pejic\/\" target=\"_blank\" rel=\"noopener\">\n\t\t\t\t<div class=\"elementor-element elementor-element-e430843 elementor-view-stacked elementor-shape-square elementor-mobile-position-inline-start elementor-position-inline-start elementor-widget elementor-widget-icon-box\" data-id=\"e430843\" data-element_type=\"widget\" data-e-type=\"widget\" data-widget_type=\"icon-box.default\">\n\t\t\t\t\t\t\t<div class=\"elementor-icon-box-wrapper\">\n\n\t\t\t\t\t\t<div class=\"elementor-icon-box-icon\">\n\t\t\t\t<span  class=\"elementor-icon\">\n\t\t\t\t<svg xmlns=\"http:\/\/www.w3.org\/2000\/svg\" height=\"512pt\" viewBox=\"0 0 512 512.00006\" width=\"512pt\"><path d=\"m261.039062 512c-1.695312 0-3.390624 0-5.097656-.007812-40.132812.097656-77.214844-.921876-113.277344-3.117188-33.0625-2.011719-63.242187-13.4375-87.28125-33.039062-23.195312-18.914063-39.035156-44.488282-47.078124-76.003907-7-27.4375-7.371094-54.371093-7.726563-80.421875-.257813-18.691406-.5234375-40.839844-.578125-63.363281.0546875-22.617187.320312-44.765625.578125-63.457031.355469-26.046875.726563-52.980469 7.726563-80.421875 8.042968-31.515625 23.882812-57.089844 47.078124-76.003907 24.039063-19.601562 54.21875-31.027343 87.285157-33.039062 36.0625-2.191406 73.152343-3.2148438 113.371093-3.1171875 40.144532-.0859375 77.214844.9257815 113.277344 3.1171875 33.0625 2.011719 63.242188 13.4375 87.28125 33.039062 23.199219 18.914063 39.035156 44.488282 47.078125 76.003907 7 27.4375 7.371094 54.375 7.726563 80.421875.257812 18.691406.527344 40.839844.578125 63.363281-.050781 22.617187-.320313 44.765625-.578125 63.457031-.148438 11.046875-9.273438 19.875-20.269532 19.726563-11.046874-.152344-19.875-9.230469-19.726562-20.273438.253906-18.582031.523438-40.585937.574219-62.910156-.050781-22.230469-.320313-44.234375-.574219-62.816406-.324219-23.714844-.660156-48.238281-6.488281-71.078125-5.878907-23.039063-17.183594-41.507813-33.597657-54.894532-17.753906-14.480468-39.433593-22.59375-64.433593-24.113281-35.214844-2.140625-71.464844-3.128906-110.847657-3.046875-39.476562-.09375-75.730468.90625-110.945312 3.046875-25 1.519531-46.675781 9.632813-64.433594 24.109375-16.414062 13.386719-27.71875 31.855469-33.597656 54.898438-5.828125 22.839844-6.164062 47.363281-6.488281 71.078125-.253907 18.582031-.519531 40.585937-.574219 62.910156.054688 22.230469.320312 44.234375.574219 62.816406.324219 23.714844.660156 48.238281 6.488281 71.078125 5.878906 23.039063 17.183594 41.507813 33.597656 54.894532 17.757813 14.480468 39.433594 22.59375 64.433594 24.113281 35.214844 2.140625 71.476562 3.140625 110.851562 3.042969 39.480469.09375 75.726563-.902344 110.941407-3.042969 25-1.519531 46.675781-9.632813 64.433593-24.113281 11.824219-9.644532 21.0625-22.019532 27.457032-36.785157 4.390625-10.132812 16.164062-14.792969 26.300781-10.402343 10.136719 4.390624 14.792969 16.164062 10.40625 26.300781-8.964844 20.699219-22.046875 38.15625-38.886719 51.886719-24.039062 19.605468-54.21875 31.027343-87.28125 33.039062-34.535156 2.101562-70.011718 3.125-108.277344 3.125zm118.949219-256c0-68.925781-56.074219-125-125-125-68.921875 0-125 56.074219-125 125s56.078125 125 125 125c68.925781 0 125-56.074219 125-125zm-40 0c0 46.867188-38.128906 85-85 85-46.867187 0-85-38.132812-85-85s38.132813-85 85-85c46.871094 0 85 38.132812 85 85zm54-165c-16.566406 0-30 13.429688-30 30s13.433594 30 30 30c16.570313 0 30-13.429688 30-30s-13.429687-30-30-30zm0 0\"><\/path><\/svg>\t\t\t\t<\/span>\n\t\t\t<\/div>\n\t\t\t\n\t\t\t\t\t\t<div class=\"elementor-icon-box-content\">\n\n\t\t\t\t\t\t\t\t\t<h4 class=\"elementor-icon-box-title\">\n\t\t\t\t\t\t<span  >\n\t\t\t\t\t\t\tInstagram\t\t\t\t\t\t<\/span>\n\t\t\t\t\t<\/h4>\n\t\t\t\t\n\t\t\t\t\t\t\t\t\t<p class=\"elementor-icon-box-description\">\n\t\t\t\t\t\t@sasa__pejic\t\t\t\t\t<\/p>\n\t\t\t\t\n\t\t\t<\/div>\n\t\t\t\n\t\t<\/div>\n\t\t\t\t\t\t<\/div>\n\t\t\t\t<\/a>\n\t\t\t\t<\/div>\n\t\t\t\t<\/div>\n\t\t<div class=\"elementor-element elementor-element-f00ed70 e-con-full e-flex e-con e-child\" data-id=\"f00ed70\" data-element_type=\"container\" data-e-type=\"container\" data-settings=\"{&quot;background_background&quot;:&quot;classic&quot;}\">\n\t\t\t\t<div class=\"elementor-element elementor-element-34f1b21 negative-btn elementor-button-align-stretch elementor-widget elementor-widget-form\" data-id=\"34f1b21\" data-element_type=\"widget\" data-e-type=\"widget\" data-settings=\"{&quot;step_next_label&quot;:&quot;Slede\\u0107e&quot;,&quot;step_previous_label&quot;:&quot;Prethodno&quot;,&quot;button_width&quot;:&quot;100&quot;,&quot;step_type&quot;:&quot;number_text&quot;,&quot;step_icon_shape&quot;:&quot;circle&quot;}\" data-widget_type=\"form.default\">\n\t\t\t\t\t\t\t<form class=\"elementor-form\" method=\"post\" name=\"Kontakt forma\" aria-label=\"Kontakt forma\">\n\t\t\t<input type=\"hidden\" name=\"post_id\" value=\"30\"\/>\n\t\t\t<input type=\"hidden\" name=\"form_id\" value=\"34f1b21\"\/>\n\t\t\t<input type=\"hidden\" name=\"referer_title\" value=\"Kontakt - Pannon group NS\" \/>\n\n\t\t\t\t\t\t\t<input type=\"hidden\" name=\"queried_id\" value=\"30\"\/>\n\t\t\t\n\t\t\t<div class=\"elementor-form-fields-wrapper elementor-labels-above\">\n\t\t\t\t\t\t\t\t<div class=\"elementor-field-type-text elementor-field-group elementor-column elementor-field-group-name elementor-col-50 elementor-field-required elementor-mark-required\">\n\t\t\t\t\t\t\t\t\t\t\t\t<label for=\"form-field-name\" class=\"elementor-field-label\">\n\t\t\t\t\t\t\t\tIme\t\t\t\t\t\t\t<\/label>\n\t\t\t\t\t\t\t\t\t\t\t\t\t\t<input size=\"1\" type=\"text\" name=\"form_fields[name]\" id=\"form-field-name\" class=\"elementor-field elementor-size-sm  elementor-field-textual\" placeholder=\"Upi\u0161ite Va\u0161e ime...\" required=\"required\">\n\t\t\t\t\t\t\t\t\t\t\t<\/div>\n\t\t\t\t\t\t\t\t<div class=\"elementor-field-type-text elementor-field-group elementor-column elementor-field-group-field_31db505 elementor-col-50 elementor-field-required elementor-mark-required\">\n\t\t\t\t\t\t\t\t\t\t\t\t<label for=\"form-field-field_31db505\" class=\"elementor-field-label\">\n\t\t\t\t\t\t\t\tPrezime\t\t\t\t\t\t\t<\/label>\n\t\t\t\t\t\t\t\t\t\t\t\t\t\t<input size=\"1\" type=\"text\" name=\"form_fields[field_31db505]\" id=\"form-field-field_31db505\" class=\"elementor-field elementor-size-sm  elementor-field-textual\" placeholder=\"Upi\u0161ite Va\u0161e prezime..\" required=\"required\">\n\t\t\t\t\t\t\t\t\t\t\t<\/div>\n\t\t\t\t\t\t\t\t<div class=\"elementor-field-type-tel elementor-field-group elementor-column elementor-field-group-field_d538c60 elementor-col-50 elementor-field-required elementor-mark-required\">\n\t\t\t\t\t\t\t\t\t\t\t\t<label for=\"form-field-field_d538c60\" class=\"elementor-field-label\">\n\t\t\t\t\t\t\t\tTelefon\t\t\t\t\t\t\t<\/label>\n\t\t\t\t\t\t\t\t<input size=\"1\" type=\"tel\" name=\"form_fields[field_d538c60]\" id=\"form-field-field_d538c60\" class=\"elementor-field elementor-size-sm  elementor-field-textual\" placeholder=\"Upi\u0161ite Va\u0161 broj telefona..\" required=\"required\" pattern=\"[0-9()#&amp;+*-=.]+\" title=\"Only numbers and phone characters (#, -, *, etc) are accepted.\">\n\n\t\t\t\t\t\t<\/div>\n\t\t\t\t\t\t\t\t<div class=\"elementor-field-type-email elementor-field-group elementor-column elementor-field-group-email elementor-col-50 elementor-field-required elementor-mark-required\">\n\t\t\t\t\t\t\t\t\t\t\t\t<label for=\"form-field-email\" class=\"elementor-field-label\">\n\t\t\t\t\t\t\t\tE-mail\t\t\t\t\t\t\t<\/label>\n\t\t\t\t\t\t\t\t\t\t\t\t\t\t<input size=\"1\" type=\"email\" name=\"form_fields[email]\" id=\"form-field-email\" class=\"elementor-field elementor-size-sm  elementor-field-textual\" placeholder=\"Upi\u0161ite Va\u0161 e-mail..\" required=\"required\">\n\t\t\t\t\t\t\t\t\t\t\t<\/div>\n\t\t\t\t\t\t\t\t<div class=\"elementor-field-type-textarea elementor-field-group elementor-column elementor-field-group-message elementor-col-100 elementor-field-required elementor-mark-required\">\n\t\t\t\t\t\t\t\t\t\t\t\t<label for=\"form-field-message\" class=\"elementor-field-label\">\n\t\t\t\t\t\t\t\tPoruka\t\t\t\t\t\t\t<\/label>\n\t\t\t\t\t\t<textarea class=\"elementor-field-textual elementor-field  elementor-size-sm\" name=\"form_fields[message]\" id=\"form-field-message\" rows=\"4\" placeholder=\"Napi\u0161ite va\u0161u poruku..\" required=\"required\"><\/textarea>\t\t\t\t<\/div>\n\t\t\t\t\t\t\t\t<div class=\"elementor-field-group elementor-column elementor-field-type-submit elementor-col-100 e-form__buttons\">\n\t\t\t\t\t<button class=\"elementor-button elementor-size-sm\" type=\"submit\">\n\t\t\t\t\t\t<span class=\"elementor-button-content-wrapper\">\n\t\t\t\t\t\t\t\t\t\t\t\t\t\t\t\t\t\t\t\t\t\t<span class=\"elementor-button-text\">Po\u0161aljite upit<\/span>\n\t\t\t\t\t\t\t\t\t\t\t\t\t<\/span>\n\t\t\t\t\t<\/button>\n\t\t\t\t<\/div>\n\t\t\t<\/div>\n\t\t<\/form>\n\t\t\t\t\t\t<\/div>\n\t\t\t\t<\/div>\n\t\t\t\t\t<\/div>\n\t\t\t\t<\/div>\n\t\t\t\t<\/div>\n\t\t","protected":false},"excerpt":{"rendered":"<p>Imate pitanje ili \u017eeite da zaka\u017eete konsultacije? Slobodno nas kontaktirajte putem forme na sajtu, email adrese ili telefona. Stojimo Vam na raspolaganju. Kontaktirajte nas Adresa \u0160ekspirova 5, Novi Sad E-mail pannongroupns@gmail.com Telefon 0637793147 Zapratite nas i na dru\u0161tvenim mre\u017eama Linkedin @sashapejic Instagram @sasa__pejic<\/p>","protected":false},"author":2,"featured_media":0,"parent":0,"menu_order":0,"comment_status":"closed","ping_status":"closed","template":"","meta":{"_acf_changed":false,"footnotes":""},"class_list":["post-30","page","type-page","status-publish","hentry"],"acf":[],"_links":{"self":[{"href":"https:\/\/pannongroupns.com\/en\/wp-json\/wp\/v2\/pages\/30","targetHints":{"allow":["GET"]}}],"collection":[{"href":"https:\/\/pannongroupns.com\/en\/wp-json\/wp\/v2\/pages"}],"about":[{"href":"https:\/\/pannongroupns.com\/en\/wp-json\/wp\/v2\/types\/page"}],"author":[{"embeddable":true,"href":"https:\/\/pannongroupns.com\/en\/wp-json\/wp\/v2\/users\/2"}],"replies":[{"embeddable":true,"href":"https:\/\/pannongroupns.com\/en\/wp-json\/wp\/v2\/comments?post=30"}],"version-history":[{"count":31,"href":"https:\/\/pannongroupns.com\/en\/wp-json\/wp\/v2\/pages\/30\/revisions"}],"predecessor-version":[{"id":1225,"href":"https:\/\/pannongroupns.com\/en\/wp-json\/wp\/v2\/pages\/30\/revisions\/1225"}],"wp:attachment":[{"href":"https:\/\/pannongroupns.com\/en\/wp-json\/wp\/v2\/media?parent=30"}],"curies":[{"name":"wp","href":"https:\/\/api.w.org\/{rel}","templated":true}]}}